{"id":257,"date":"2023-07-19T20:24:19","date_gmt":"2023-07-19T23:24:19","guid":{"rendered":"https:\/\/grupotj.wpengine.com\/?page_id=257"},"modified":"2024-03-24T21:15:16","modified_gmt":"2024-03-25T00:15:16","slug":"donate","status":"publish","type":"page","link":"https:\/\/grupotj.org\/en\/?page_id=257","title":{"rendered":"Donate"},"content":{"rendered":"\t\t<div data-elementor-type=\"wp-page\" data-elementor-id=\"257\" class=\"elementor elementor-257\">\n\t\t\t\t\t\t<section class=\"elementor-section elementor-top-section elementor-element elementor-element-0dd44d6 elementor-section-boxed elementor-section-height-default elementor-section-height-default\" data-id=\"0dd44d6\" data-element_type=\"section\" data-settings=\"{&quot;background_background&quot;:&quot;classic&quot;}\">\n\t\t\t\t\t\t\t<div class=\"elementor-background-overlay\"><\/div>\n\t\t\t\t\t\t\t<div class=\"elementor-container elementor-column-gap-default\">\n\t\t\t\t\t<div class=\"elementor-column elementor-col-100 elementor-top-column elementor-element elementor-element-8437052\" data-id=\"8437052\" data-element_type=\"column\">\n\t\t\t<div class=\"elementor-widget-wrap elementor-element-populated\">\n\t\t\t\t\t\t<div class=\"elementor-element elementor-element-e755dc0 elementor-widget elementor-widget-heading\" data-id=\"e755dc0\" data-element_type=\"widget\" data-widget_type=\"heading.default\">\n\t\t\t\t<div class=\"elementor-widget-container\">\n\t\t\t<style>\/*! elementor - v3.20.0 - 13-03-2024 *\/\n.elementor-heading-title{padding:0;margin:0;line-height:1}.elementor-widget-heading .elementor-heading-title[class*=elementor-size-]>a{color:inherit;font-size:inherit;line-height:inherit}.elementor-widget-heading .elementor-heading-title.elementor-size-small{font-size:15px}.elementor-widget-heading .elementor-heading-title.elementor-size-medium{font-size:19px}.elementor-widget-heading .elementor-heading-title.elementor-size-large{font-size:29px}.elementor-widget-heading .elementor-heading-title.elementor-size-xl{font-size:39px}.elementor-widget-heading .elementor-heading-title.elementor-size-xxl{font-size:59px}<\/style><h1 class=\"elementor-heading-title elementor-size-default\">DONATE<\/h1>\t\t<\/div>\n\t\t\t\t<\/div>\n\t\t\t\t\t<\/div>\n\t\t<\/div>\n\t\t\t\t\t<\/div>\n\t\t<\/section>\n\t\t\t\t<section class=\"elementor-section elementor-top-section elementor-element elementor-element-6f6718c elementor-section-boxed elementor-section-height-default elementor-section-height-default\" data-id=\"6f6718c\" data-element_type=\"section\">\n\t\t\t\t\t\t<div class=\"elementor-container elementor-column-gap-default\">\n\t\t\t\t\t<div class=\"elementor-column elementor-col-100 elementor-top-column elementor-element elementor-element-c450a66\" data-id=\"c450a66\" data-element_type=\"column\">\n\t\t\t<div class=\"elementor-widget-wrap elementor-element-populated\">\n\t\t\t\t\t\t<section class=\"elementor-section elementor-inner-section elementor-element elementor-element-ef57fb5 elementor-section-boxed elementor-section-height-default elementor-section-height-default\" data-id=\"ef57fb5\" data-element_type=\"section\" data-settings=\"{&quot;background_background&quot;:&quot;classic&quot;}\">\n\t\t\t\t\t\t<div class=\"elementor-container elementor-column-gap-wide\">\n\t\t\t\t\t<div class=\"elementor-column elementor-col-100 elementor-inner-column elementor-element elementor-element-e8c384d\" data-id=\"e8c384d\" data-element_type=\"column\">\n\t\t\t<div class=\"elementor-widget-wrap elementor-element-populated\">\n\t\t\t\t\t\t<div class=\"elementor-element elementor-element-1ec0ee6 elementor-widget elementor-widget-heading\" data-id=\"1ec0ee6\" data-element_type=\"widget\" data-widget_type=\"heading.default\">\n\t\t\t\t<div class=\"elementor-widget-container\">\n\t\t\t<h2 class=\"elementor-heading-title elementor-size-default\">HOW CAN YOU HELP?<\/h2>\t\t<\/div>\n\t\t\t\t<\/div>\n\t\t\t\t<div class=\"elementor-element elementor-element-434ef7a elementor-widget elementor-widget-ucaddon_uc_bullet_tabs\" data-id=\"434ef7a\" data-element_type=\"widget\" data-widget_type=\"ucaddon_uc_bullet_tabs.default\">\n\t\t\t\t<div class=\"elementor-widget-container\">\n\t\t\t<!-- start Icon Tabs -->\n\t\t<link id='font-awesome-css' href='https:\/\/grupotj.org\/en\/wp-content\/plugins\/unlimited-elements-for-elementor-premium\/assets_libraries\/font-awesome5\/css\/fontawesome-all.min.css' type='text\/css' rel='stylesheet' >\n\t\t<link id='font-awesome-4-shim-css' href='https:\/\/grupotj.org\/en\/wp-content\/plugins\/unlimited-elements-for-elementor-premium\/assets_libraries\/font-awesome5\/css\/fontawesome-v4-shims.css' type='text\/css' rel='stylesheet' >\n\n\t\t\t<style type=\"text\/css\">\/* widget: Icon Tabs *\/\n\n#uc_uc_bullet_tabs_elementor_434ef7a *{\n\tbox-sizing: border-box;\n}\n\n#uc_uc_bullet_tabs_elementor_434ef7a{\n  display:flex;\n  flex-direction:column;\n}\n\n#uc_uc_bullet_tabs_elementor_434ef7a .uc_tab_nav{\n\tlist-style:none;\n    display:flex;\n    justify-content:flex-start;\n            width:auto;  \t \n    \t\n}\n\n\n\t\n\n#uc_uc_bullet_tabs_elementor_434ef7a .uc_tab_nav{\n\n}\n\n\n#uc_uc_bullet_tabs_elementor_434ef7a .uc_tab_nav li{\n\tdisplay:inline-flex;\n\tposition:relative;\n    z-index:1;\n}\n\n#uc_uc_bullet_tabs_elementor_434ef7a .uc_tab_nav li a\n{\n  display:inline-flex;\n  width:100%;\n}\n#uc_uc_bullet_tabs_elementor_434ef7a .uc_tab_nav li .uc_circle{\n    position: relative;\n    border-radius: 50%;\n    display: inline-block;\n    line-height:1em;\n}\n\n#uc_uc_bullet_tabs_elementor_434ef7a .ue_tab_icon\n{\n  line-height:1em;\n}\n\n#uc_uc_bullet_tabs_elementor_434ef7a .ue_tab_icon svg\n{\n  height:1em;\n  width:1em;\n}\n\n#uc_uc_bullet_tabs_elementor_434ef7a .uc_circle_container\n{\n  display:flex;\n  align-items:center;\n  justify-content:center;\n}\n#uc_uc_bullet_tabs_elementor_434ef7a .uc_tab_nav li .uc_circle span{\n\tdisplay:block;\n\tposition:relative;\n\tborder-radius:50%;\n\topacity:0;\n    transition:0.3s;\n}\n#uc_uc_bullet_tabs_elementor_434ef7a .uc_tab_nav li a{\n\tposition:relative;\n\ttext-decoration:none;\n}\n\n#uc_uc_bullet_tabs_elementor_434ef7a .uc_tab_nav li a i{\n\tdisplay:block;\n}\n#uc_uc_bullet_tabs_elementor_434ef7a .uc_tab_nav li.r-tabs-state-active a{\n}\n\n#uc_uc_bullet_tabs_elementor_434ef7a .uc_tab_nav li.r-tabs-state-active .uc_circle span{\n\topacity:1;\n}\n\n#uc_uc_bullet_tabs_elementor_434ef7a .panes{ \n  display:none;\n}\n\n#uc_uc_bullet_tabs_elementor_434ef7a .r-tabs .r-tabs-tab {\n    display: block;\n    margin: 0;\n    list-style: none;\n}\n\n#uc_uc_bullet_tabs_elementor_434ef7a .r-tabs-panel {\n    display: none;\n}\n\n#uc_uc_bullet_tabs_elementor_434ef7a .r-tabs-accordion-title {\n    display: none;\n}\n\n\n  #uc_uc_bullet_tabs_elementor_434ef7a.uc-first-tab-opened > .uc_tab_content{\n      position: relative;\n  }\n\n  #uc_uc_bullet_tabs_elementor_434ef7a.uc-first-tab-opened .uc_tab_content > .r-tabs-state-default{\n      position: absolute;\n      top: 0;\n      left: 0;\n  }\n\n  #uc_uc_bullet_tabs_elementor_434ef7a.uc-first-tab-opened .uc_tab_content .r-tabs-state-active{\n      position: static;\n  }\n\n\n\n   \n@media only screen and (max-width: 0px){\n   #uc_uc_bullet_tabs_elementor_434ef7a ul.tabs {\n     display:none;\n   }\n   #uc_uc_bullet_tabs_elementor_434ef7a .r-tabs .r-tabs-nav { \n     display: none;\n   }\n  #uc_uc_bullet_tabs_elementor_434ef7a .r-tabs-accordion-title {\n      display:block;\n  }\n  #uc_uc_bullet_tabs_elementor_434ef7a .r-tabs-accordion-title .r-tabs-anchor{ \n      display:flex; \n      overflow:hidden; \n  }\n  #uc_uc_bullet_tabs_elementor_434ef7a .r-tabs-panel {\n    display: block;\n  }\n  #uc_uc_bullet_tabs_elementor_434ef7a .uc_circle\n  {\n    display:none;\n  }\n  \n  #uc_uc_bullet_tabs_elementor_434ef7a .uc_tab_content\n  {\n    width:100%;\n  }\n  \n  #uc_uc_bullet_tabs_elementor_434ef7a.uc-first-tab-opened .r-tabs-state-default{\n\tposition: static;\n  }\n  \n}\n\n\nul.uc_tab_nav{\n  margin:0;\n}\n#uc_uc_bullet_tabs_elementor_434ef7a_item1\n{\n  border-color:;\n}\n#uc_uc_bullet_tabs_elementor_434ef7a_item2\n{\n  border-color:;\n}\n#uc_uc_bullet_tabs_elementor_434ef7a_item3\n{\n  border-color:;\n}\n#uc_uc_bullet_tabs_elementor_434ef7a_item4\n{\n  border-color:;\n}\n\n\n<\/style>\n\n\t\t\t<div id=\"uc_uc_bullet_tabs_elementor_434ef7a\" class=\"uc_bullet_tabs  \" data-scrolltohead=\"off\"   data-remote-type=\"tabs\">\n        <ul class=\"uc_tab_nav tabs uc-items-wrapper\">\n           \n<li >\n   <a  href=\"#uc_uc_bullet_tabs_elementor_434ef7a_item1\" id=\"#ue-tab1\">\n     \n     <div class=\"ue_tab_icon\"><i class='fas fa-money-bill'><\/i><\/div>\t\n     <div class=\"ue_tab_title\">DONATE<\/div>        <\/a>\n<\/li>\n\n<li >\n   <a  href=\"#uc_uc_bullet_tabs_elementor_434ef7a_item2\" id=\"#ue-tab2\">\n     \n     <div class=\"ue_tab_icon\"><i class='fas fa-users'><\/i><\/div>\t\n     <div class=\"ue_tab_title\">Volunteering<\/div>        <\/a>\n<\/li>\n\n<li >\n   <a  href=\"#uc_uc_bullet_tabs_elementor_434ef7a_item3\" id=\"#ue-tab3\">\n     \n     <div class=\"ue_tab_icon\"><i class='fas fa-award'><\/i><\/div>\t\n     <div class=\"ue_tab_title\">Ambassadors<\/div>        <\/a>\n<\/li>\n\n<li >\n   <a  href=\"#uc_uc_bullet_tabs_elementor_434ef7a_item4\" id=\"#ue-tab4\">\n     \n     <div class=\"ue_tab_icon\"><i class='fas fa-gavel'><\/i><\/div>\t\n     <div class=\"ue_tab_title\">Auction<\/div>        <\/a>\n<\/li>\n\n        <\/ul>\n        <div class=\"uc_tab_content uc-items-wrapper2\">\n           <div id=\"uc_uc_bullet_tabs_elementor_434ef7a_item1\" class=\"panes\">\n   <h4>DONATION IN CASH VIA DEPOSIT OR BANK SLIP. ONE-TIME OR MONTHLY DONATIONS TO BECOME A <br \/>RECURRING SUPPORTER<\/h4><p>Turma do Jil\u00f3 Information:<br data-rich-text-line-break=\"true\" \/>Deposit \/ Credit Card \/ Paypal <br data-rich-text-line-break=\"true\" \/>Associa\u00e7\u00e3o Turma do Jil\u00f3<br data-rich-text-line-break=\"true\" \/>Ita\u00fa Bank (341)<br \/>Agency 0758<br \/>C\/c 08655-7<br \/>CNPJ 22.853.953\/0001-35<\/p><p>For donations via BANK SLIP or to become a SUSTAINER, please send an email to <br \/>contato@turmadojilo.org<\/p><p>Birthday gift donation. We provide a collection box for those who wish to donate physically + a <br \/>birthday announcement\/explanation letter<\/p>     \n<\/div>\n<div id=\"uc_uc_bullet_tabs_elementor_434ef7a_item2\" class=\"panes\">\n   <h4>YOU CAN VOLUNTEER BY DONATING YOUR TIME OR KNOWLEDGE.<\/h4><p>We need volunteers for closing events, bazaars, and other activities we organize.<\/p><p>Your knowledge is highly valuable to us! If you are a professional in any of these areas, we would be delighted to have you with us:<\/p><ul><li>\u00a0Photographers;<\/li><li>Journalists;<\/li><li>Chefs;<\/li><li>Writers;<\/li><li>Musicians;<\/li><li>Educators;<\/li><li>Psychologists;<\/li><li>Creatives;<\/li><li>Web Designers;<\/li><li>Social Media Managers.<\/li><\/ul><p>If you have free time and want to be part of our Turma, send us your contact information and <br \/>availability, and it will be a pleasure to welcome you. We will contact you for the first opportunity to <br \/>collaborate<\/p><p>Send an email to: contato@turmadojilo.org<\/p>     \n<\/div>\n<div id=\"uc_uc_bullet_tabs_elementor_434ef7a_item3\" class=\"panes\">\n   <h4>FOLLOW TURMA ON SOCIAL MEDIA AND SPREAD THE WORD!<\/h4><p>#IamPartofThisTurma<br \/>Instagram: @turmadojilo <br \/>Facebook: turmadojilo<\/p><p>Become a leader in our engagement campaigns. Wear our shirt, and together, let's believe that yes, <br \/>it is possible to make a difference in the education of our country.<\/p><p>If you know any influencers or someone with a significant following who can promote \"Inclusive <br \/>Education\" and support this cause, don't hesitate to recommend them. Check out the campaign of <br \/>videos featuring celebrities promoting Inclusive Education under the \"Stay Informed\" tab, in the <br \/>videos section.<\/p><p>If you have a product, a supplier, or a company that can donate a portion of the proceeds to our <br \/>projects.<\/p><p>If you wish to donate gifts, books, toys, clothes, fabrics, shoes, household items, snack kits, candies, <br \/>chocolates, etc. New or gently used items in good condition.<\/p><p>If you want to become a partner of Turma.<\/p><p>Send an email to: contato@turmadojilo.org.<\/p>     \n<\/div>\n<div id=\"uc_uc_bullet_tabs_elementor_434ef7a_item4\" class=\"panes\">\n   <h4>PARTICIPATE IN THE AUCTION OF PRODUCTS AND EXPERIENCES WHILE SUPPORTING THE INCLUSIVE <br \/>EDUCATION CAUSE!<\/h4><p>All financial resources acquired through auctions are directly allocated to implementing the Inclusive <br \/>Education project in another public school and for our other projects.<\/p>     \n<\/div>\n\n        <\/div>\n<\/div>\n\t\t\t<!-- end Icon Tabs -->\t\t<\/div>\n\t\t\t\t<\/div>\n\t\t\t\t<div class=\"elementor-element elementor-element-da66fe8 elementor-align-center elementor-widget elementor-widget-button\" data-id=\"da66fe8\" data-element_type=\"widget\" data-widget_type=\"button.default\">\n\t\t\t\t<div class=\"elementor-widget-container\">\n\t\t\t\t\t<div class=\"elementor-button-wrapper\">\n\t\t\t<a class=\"elementor-button elementor-button-link elementor-size-sm\" href=\"https:\/\/grupotj.org\/en\/?page_id=266\" target=\"_blank\">\n\t\t\t\t\t\t<span class=\"elementor-button-content-wrapper\">\n\t\t\t\t\t\t<span class=\"elementor-button-text\">Contact us to learn more<\/span>\n\t\t<\/span>\n\t\t\t\t\t<\/a>\n\t\t<\/div>\n\t\t\t\t<\/div>\n\t\t\t\t<\/div>\n\t\t\t\t\t<\/div>\n\t\t<\/div>\n\t\t\t\t\t<\/div>\n\t\t<\/section>\n\t\t\t\t\t<\/div>\n\t\t<\/div>\n\t\t\t\t\t<\/div>\n\t\t<\/section>\n\t\t\t\t<\/div>\n\t\t","protected":false},"excerpt":{"rendered":"<p>DONATE HOW CAN YOU HELP? DONATE Volunteering Ambassadors Auction DONATION IN CASH VIA DEPOSIT OR BANK SLIP. ONE-TIME OR MONTHLY DONATIONS TO BECOME A RECURRING SUPPORTER Turma do Jil\u00f3 Information:Deposit \/ Credit Card \/ Paypal Associa\u00e7\u00e3o Turma do Jil\u00f3Ita\u00fa Bank (341)Agency 0758C\/c 08655-7CNPJ 22.853.953\/0001-35 For donations via BANK SLIP or to become a SUSTAINER, please &hellip;<\/p>\n<p class=\"read-more\"> <a class=\"\" href=\"https:\/\/grupotj.org\/en\/?page_id=257\"> <span class=\"screen-reader-text\">Donate<\/span> Leia mais &raquo;<\/a><\/p>\n","protected":false},"author":1,"featured_media":0,"parent":0,"menu_order":0,"comment_status":"closed","ping_status":"closed","template":"","meta":{"site-sidebar-layout":"no-sidebar","site-content-layout":"page-builder","ast-global-header-display":"","ast-banner-title-visibility":"","ast-main-header-display":"","ast-hfb-above-header-display":"","ast-hfb-below-header-display":"","ast-hfb-mobile-header-display":"","site-post-title":"disabled","ast-breadcrumbs-content":"","ast-featured-img":"disabled","footer-sml-layout":"","theme-transparent-header-meta":"","adv-header-id-meta":"","stick-header-meta":"","header-above-stick-meta":"","header-main-stick-meta":"","header-below-stick-meta":"","footnotes":""},"class_list":["post-257","page","type-page","status-publish","hentry"],"_links":{"self":[{"href":"https:\/\/grupotj.org\/en\/index.php?rest_route=\/wp\/v2\/pages\/257","targetHints":{"allow":["GET"]}}],"collection":[{"href":"https:\/\/grupotj.org\/en\/index.php?rest_route=\/wp\/v2\/pages"}],"about":[{"href":"https:\/\/grupotj.org\/en\/index.php?rest_route=\/wp\/v2\/types\/page"}],"author":[{"embeddable":true,"href":"https:\/\/grupotj.org\/en\/index.php?rest_route=\/wp\/v2\/users\/1"}],"replies":[{"embeddable":true,"href":"https:\/\/grupotj.org\/en\/index.php?rest_route=%2Fwp%2Fv2%2Fcomments&post=257"}],"version-history":[{"count":22,"href":"https:\/\/grupotj.org\/en\/index.php?rest_route=\/wp\/v2\/pages\/257\/revisions"}],"predecessor-version":[{"id":1351,"href":"https:\/\/grupotj.org\/en\/index.php?rest_route=\/wp\/v2\/pages\/257\/revisions\/1351"}],"wp:attachment":[{"href":"https:\/\/grupotj.org\/en\/index.php?rest_route=%2Fwp%2Fv2%2Fmedia&parent=257"}],"curies":[{"name":"wp","href":"https:\/\/api.w.org\/{rel}","templated":true}]}}