{"id":257,"date":"2023-07-19T20:24:19","date_gmt":"2023-07-19T23:24:19","guid":{"rendered":"https:\/\/grupotj.wpengine.com\/?page_id=257"},"modified":"2024-05-05T19:14:11","modified_gmt":"2024-05-05T22:14:11","slug":"donar","status":"publish","type":"page","link":"https:\/\/grupotj.org\/es\/?page_id=257","title":{"rendered":"Donar"},"content":{"rendered":"\t\t<div data-elementor-type=\"wp-page\" data-elementor-id=\"257\" class=\"elementor elementor-257\">\n\t\t\t\t\t\t\t\t\t<section class=\"elementor-section elementor-top-section elementor-element elementor-element-0dd44d6 elementor-section-boxed elementor-section-height-default elementor-section-height-default\" data-id=\"0dd44d6\" data-element_type=\"section\" data-settings=\"{&quot;background_background&quot;:&quot;classic&quot;}\">\n\t\t\t\t\t\t\t<div class=\"elementor-background-overlay\"><\/div>\n\t\t\t\t\t\t\t<div class=\"elementor-container elementor-column-gap-default\">\n\t\t\t\t\t<div class=\"elementor-column elementor-col-100 elementor-top-column elementor-element elementor-element-8437052\" data-id=\"8437052\" data-element_type=\"column\">\n\t\t\t<div class=\"elementor-widget-wrap elementor-element-populated\">\n\t\t\t\t\t\t\t\t<div class=\"elementor-element elementor-element-e755dc0 elementor-widget elementor-widget-heading\" data-id=\"e755dc0\" data-element_type=\"widget\" data-widget_type=\"heading.default\">\n\t\t\t\t<div class=\"elementor-widget-container\">\n\t\t\t<style>\/*! elementor - v3.15.0 - 02-08-2023 *\/\n.elementor-heading-title{padding:0;margin:0;line-height:1}.elementor-widget-heading .elementor-heading-title[class*=elementor-size-]>a{color:inherit;font-size:inherit;line-height:inherit}.elementor-widget-heading .elementor-heading-title.elementor-size-small{font-size:15px}.elementor-widget-heading .elementor-heading-title.elementor-size-medium{font-size:19px}.elementor-widget-heading .elementor-heading-title.elementor-size-large{font-size:29px}.elementor-widget-heading .elementor-heading-title.elementor-size-xl{font-size:39px}.elementor-widget-heading .elementor-heading-title.elementor-size-xxl{font-size:59px}<\/style><h1 class=\"elementor-heading-title elementor-size-default\">DONAR<\/h1>\t\t<\/div>\n\t\t\t\t<\/div>\n\t\t\t\t\t<\/div>\n\t\t<\/div>\n\t\t\t\t\t\t\t<\/div>\n\t\t<\/section>\n\t\t\t\t<section class=\"elementor-section elementor-top-section elementor-element elementor-element-6f6718c elementor-section-boxed elementor-section-height-default elementor-section-height-default\" data-id=\"6f6718c\" data-element_type=\"section\">\n\t\t\t\t\t\t<div class=\"elementor-container elementor-column-gap-default\">\n\t\t\t\t\t<div class=\"elementor-column elementor-col-100 elementor-top-column elementor-element elementor-element-c450a66\" data-id=\"c450a66\" data-element_type=\"column\">\n\t\t\t<div class=\"elementor-widget-wrap elementor-element-populated\">\n\t\t\t\t\t\t\t\t<section class=\"elementor-section elementor-inner-section elementor-element elementor-element-ef57fb5 elementor-section-boxed elementor-section-height-default elementor-section-height-default\" data-id=\"ef57fb5\" data-element_type=\"section\" data-settings=\"{&quot;background_background&quot;:&quot;classic&quot;}\">\n\t\t\t\t\t\t<div class=\"elementor-container elementor-column-gap-wide\">\n\t\t\t\t\t<div class=\"elementor-column elementor-col-100 elementor-inner-column elementor-element elementor-element-e8c384d\" data-id=\"e8c384d\" data-element_type=\"column\">\n\t\t\t<div class=\"elementor-widget-wrap elementor-element-populated\">\n\t\t\t\t\t\t\t\t<div class=\"elementor-element elementor-element-1ec0ee6 elementor-widget elementor-widget-heading\" data-id=\"1ec0ee6\" data-element_type=\"widget\" data-widget_type=\"heading.default\">\n\t\t\t\t<div class=\"elementor-widget-container\">\n\t\t\t<h2 class=\"elementor-heading-title elementor-size-default\">\u00bfC\u00d3MO PUEDES AYUDAR?<\/h2>\t\t<\/div>\n\t\t\t\t<\/div>\n\t\t\t\t<div class=\"elementor-element elementor-element-434ef7a elementor-widget elementor-widget-ucaddon_uc_bullet_tabs\" data-id=\"434ef7a\" data-element_type=\"widget\" data-widget_type=\"ucaddon_uc_bullet_tabs.default\">\n\t\t\t\t<div class=\"elementor-widget-container\">\n\t\t\t<!-- start Icon Tabs -->\n\t\t<link id='font-awesome-css' href='https:\/\/grupotj.org\/es\/wp-content\/plugins\/unlimited-elements-for-elementor-premium\/assets_libraries\/font-awesome5\/css\/fontawesome-all.min.css' type='text\/css' rel='stylesheet' >\n\t\t<link id='font-awesome-4-shim-css' href='https:\/\/grupotj.org\/es\/wp-content\/plugins\/unlimited-elements-for-elementor-premium\/assets_libraries\/font-awesome5\/css\/fontawesome-v4-shims.css' type='text\/css' rel='stylesheet' >\n\n\t\t\t<style type=\"text\/css\">\/* widget: Icon Tabs *\/\n\n#uc_uc_bullet_tabs_elementor_434ef7a *{\n\tbox-sizing: border-box;\n}\n\n#uc_uc_bullet_tabs_elementor_434ef7a{\n  display:flex;\n  flex-direction:column;\n}\n\n#uc_uc_bullet_tabs_elementor_434ef7a .uc_tab_nav{\n\tlist-style:none;\n    display:flex;\n    justify-content:flex-start;\n            width:auto;  \t \n    \t\n}\n\n\n\t\n\n#uc_uc_bullet_tabs_elementor_434ef7a .uc_tab_nav{\n\n}\n\n\n#uc_uc_bullet_tabs_elementor_434ef7a .uc_tab_nav li{\n\tdisplay:inline-flex;\n\tposition:relative;\n    z-index:1;\n}\n\n#uc_uc_bullet_tabs_elementor_434ef7a .uc_tab_nav li a\n{\n  display:inline-flex;\n  width:100%;\n}\n#uc_uc_bullet_tabs_elementor_434ef7a .uc_tab_nav li .uc_circle{\n    position: relative;\n    border-radius: 50%;\n    display: inline-block;\n    line-height:1em;\n}\n\n#uc_uc_bullet_tabs_elementor_434ef7a .ue_tab_icon\n{\n  line-height:1em;\n}\n\n#uc_uc_bullet_tabs_elementor_434ef7a .ue_tab_icon svg\n{\n  height:1em;\n  width:1em;\n}\n\n#uc_uc_bullet_tabs_elementor_434ef7a .uc_circle_container\n{\n  display:flex;\n  align-items:center;\n  justify-content:center;\n}\n#uc_uc_bullet_tabs_elementor_434ef7a .uc_tab_nav li .uc_circle span{\n\tdisplay:block;\n\tposition:relative;\n\tborder-radius:50%;\n\topacity:0;\n    transition:0.3s;\n}\n#uc_uc_bullet_tabs_elementor_434ef7a .uc_tab_nav li a{\n\tposition:relative;\n\ttext-decoration:none;\n}\n\n#uc_uc_bullet_tabs_elementor_434ef7a .uc_tab_nav li a i{\n\tdisplay:block;\n}\n#uc_uc_bullet_tabs_elementor_434ef7a .uc_tab_nav li.r-tabs-state-active a{\n}\n\n#uc_uc_bullet_tabs_elementor_434ef7a .uc_tab_nav li.r-tabs-state-active .uc_circle span{\n\topacity:1;\n}\n\n#uc_uc_bullet_tabs_elementor_434ef7a .panes{ \n  display:none;\n}\n\n#uc_uc_bullet_tabs_elementor_434ef7a .r-tabs .r-tabs-tab {\n    display: block;\n    margin: 0;\n    list-style: none;\n}\n\n#uc_uc_bullet_tabs_elementor_434ef7a .r-tabs-panel {\n    display: none;\n}\n\n#uc_uc_bullet_tabs_elementor_434ef7a .r-tabs-accordion-title {\n    display: none;\n}\n\n\n  #uc_uc_bullet_tabs_elementor_434ef7a.uc-first-tab-opened > .uc_tab_content{\n      position: relative;\n  }\n\n  #uc_uc_bullet_tabs_elementor_434ef7a.uc-first-tab-opened .uc_tab_content > .r-tabs-state-default{\n      position: absolute;\n      top: 0;\n      left: 0;\n  }\n\n  #uc_uc_bullet_tabs_elementor_434ef7a.uc-first-tab-opened .uc_tab_content .r-tabs-state-active{\n      position: static;\n  }\n\n\n\n   \n@media only screen and (max-width: 0px){\n   #uc_uc_bullet_tabs_elementor_434ef7a ul.tabs {\n     display:none;\n   }\n   #uc_uc_bullet_tabs_elementor_434ef7a .r-tabs .r-tabs-nav { \n     display: none;\n   }\n  #uc_uc_bullet_tabs_elementor_434ef7a .r-tabs-accordion-title {\n      display:block;\n  }\n  #uc_uc_bullet_tabs_elementor_434ef7a .r-tabs-accordion-title .r-tabs-anchor{ \n      display:flex; \n      overflow:hidden; \n  }\n  #uc_uc_bullet_tabs_elementor_434ef7a .r-tabs-panel {\n    display: block;\n  }\n  #uc_uc_bullet_tabs_elementor_434ef7a .uc_circle\n  {\n    display:none;\n  }\n  \n  #uc_uc_bullet_tabs_elementor_434ef7a .uc_tab_content\n  {\n    width:100%;\n  }\n  \n  #uc_uc_bullet_tabs_elementor_434ef7a.uc-first-tab-opened .r-tabs-state-default{\n\tposition: static;\n  }\n  \n}\n\n\nul.uc_tab_nav{\n  margin:0;\n}\n#uc_uc_bullet_tabs_elementor_434ef7a_item1\n{\n  border-color:;\n}\n#uc_uc_bullet_tabs_elementor_434ef7a_item2\n{\n  border-color:;\n}\n#uc_uc_bullet_tabs_elementor_434ef7a_item3\n{\n  border-color:;\n}\n#uc_uc_bullet_tabs_elementor_434ef7a_item4\n{\n  border-color:;\n}\n\n\n<\/style>\n\n\t\t\t<div id=\"uc_uc_bullet_tabs_elementor_434ef7a\" class=\"uc_bullet_tabs  \" data-scrolltohead=\"off\"   data-remote-type=\"tabs\">\n        <ul class=\"uc_tab_nav tabs uc-items-wrapper\">\n           \n<li >\n   <a  href=\"#uc_uc_bullet_tabs_elementor_434ef7a_item1\" id=\"#ue-tab1\">\n     \n     <div class=\"ue_tab_icon\"><i class='fas fa-money-bill'><\/i><\/div>\t\n     <div class=\"ue_tab_title\">Donante<\/div>        <\/a>\n<\/li>\n\n<li >\n   <a  href=\"#uc_uc_bullet_tabs_elementor_434ef7a_item2\" id=\"#ue-tab2\">\n     \n     <div class=\"ue_tab_icon\"><i class='fas fa-users'><\/i><\/div>\t\n     <div class=\"ue_tab_title\">Voluntariado<\/div>        <\/a>\n<\/li>\n\n<li >\n   <a  href=\"#uc_uc_bullet_tabs_elementor_434ef7a_item3\" id=\"#ue-tab3\">\n     \n     <div class=\"ue_tab_icon\"><i class='fas fa-award'><\/i><\/div>\t\n     <div class=\"ue_tab_title\">Embajadores<\/div>        <\/a>\n<\/li>\n\n<li >\n   <a  href=\"#uc_uc_bullet_tabs_elementor_434ef7a_item4\" id=\"#ue-tab4\">\n     \n     <div class=\"ue_tab_icon\"><i class='fas fa-gavel'><\/i><\/div>\t\n     <div class=\"ue_tab_title\">Subasta<\/div>        <\/a>\n<\/li>\n\n        <\/ul>\n        <div class=\"uc_tab_content uc-items-wrapper2\">\n           <div id=\"uc_uc_bullet_tabs_elementor_434ef7a_item1\" class=\"panes\">\n   <h4><strong>DONACI\u00d3N EN EFECTIVO A TRAV\u00c9S DE DEP\u00d3SITO O BOLETO BANCARIO. DONACIONES \u00daNICAS O MENSUALES PARA CONVERTIRTE EN UN APOYADOR RECURRENTE<\/strong><\/h4><p>Informaci\u00f3n de la Turma do Jil\u00f3:<\/p><p>Dep\u00f3sito \/ Tarjeta de Cr\u00e9dito \/ Paypal<\/p><p>\"Asociaci\u00f3n Turma do Jil\u00f3<\/p><p>\"Banco Ita\u00fa (341)\"<\/p><p>Agencia 0758<\/p><p>C\/c 08655-7<\/p><p>CNPJ 22.853.953\/0001-35<\/p><p>Para donaciones a trav\u00e9s de BOLETO BANCARIO o para convertirse en MANTENEDOR, por favor env\u00ede un correo electr\u00f3nico a\u00a0<a href=\"mailto:contato@turmadojilo.org\">contato@turmadojilo.org<\/a><\/p><p>Regalo de cumplea\u00f1os para donaci\u00f3n. Proporcionamos una caja de recolecci\u00f3n para aquellos que deseen hacer donaciones f\u00edsicas. Anuncio de cumplea\u00f1os\/ Carta de explicaci\u00f3n.<\/p>     \n<\/div>\n<div id=\"uc_uc_bullet_tabs_elementor_434ef7a_item2\" class=\"panes\">\n   <h4><strong>PUEDES VOLUNTARIAR DONANDO TU TIEMPO O CONOCIMIENTO.<\/strong><\/h4><p>Necesitamos voluntarios para eventos de clausura, bazares y otras actividades que organizamos.<\/p><p>\u00a1Tu conocimiento es muy valioso para nosotros! Si eres un profesional en cualquiera de estas \u00e1reas, estar\u00edamos encantados de tenerte con nosotros:<\/p><ul><li>Fot\u00f3grafos;<\/li><li>Periodistas;<\/li><li>Chefs;<\/li><li>Escritores;<\/li><li>M\u00fasicos;<\/li><li>Educadores;<\/li><li>Psic\u00f3logos;<\/li><li>Creativos;<\/li><li>Dise\u00f1adores web;<\/li><li>Gestores de redes sociales.<\/li><\/ul><p>Si tienes tiempo libre y quieres ser parte de nuestra Turma, env\u00edanos tu informaci\u00f3n de contacto y disponibilidad, y ser\u00e1 un placer darte la bienvenida. Nos pondremos en contacto contigo para la primera oportunidad de colaboraci\u00f3n.<\/p><p>Enviar un correo electr\u00f3nico a: <a href=\"mailto:contato@turmadojilo.org\">contato@turmadojilo.org<\/a><\/p>     \n<\/div>\n<div id=\"uc_uc_bullet_tabs_elementor_434ef7a_item3\" class=\"panes\">\n   <h4><strong>\u00a1S\u00cdGUENOS EN LAS REDES SOCIALES Y DIFUNDE LA PALABRA!<\/strong><\/h4><p>#IamPartofThisTurma<br \/>Instagram: @turmadojilo<br \/>Facebook: turmadojilo<\/p><p>Convi\u00e9rtete en un l\u00edder en nuestras campa\u00f1as de compromiso. Viste nuestra camiseta y juntos, creamos que s\u00ed, es posible marcar la diferencia en la educaci\u00f3n de nuestro pa\u00eds.<\/p><p>Si conoces a alg\u00fan influenciador o alguien con una gran cantidad de seguidores que pueda promover la \"Educaci\u00f3n Inclusiva\" y apoyar esta causa, no dudes en recomendarlo. Echa un vistazo a la campa\u00f1a de videos con celebridades promoviendo la Educaci\u00f3n Inclusiva en la pesta\u00f1a \"Mantente Informado\", en la secci\u00f3n de videos.<\/p><p>Si tienes un producto, un proveedor o una empresa que pueda donar una parte de las ganancias a nuestros proyectos.<\/p><p>Si deseas donar regalos, libros, juguetes, ropa, telas, zapatos, art\u00edculos para el hogar, kits de merienda, caramelos, chocolates, etc. Art\u00edculos nuevos o usados en buenas condiciones.<\/p><p>Si deseas convertirte en socio de Turma.<\/p><p>Enviar un correo electr\u00f3nico a: <a href=\"mailto:contato@turmadojilo.org\">contato@turmadojilo.org<\/a>.<\/p>     \n<\/div>\n<div id=\"uc_uc_bullet_tabs_elementor_434ef7a_item4\" class=\"panes\">\n   <h4>\u00a1PARTICIPA EN LA SUBASTA DE PRODUCTOS Y EXPERIENCIAS MIENTRAS APOYAS LA CAUSA DE LA EDUCACI\u00d3N INCLUSIVA!<\/h4><p>Todos los recursos financieros adquiridos a trav\u00e9s de las subastas se destinan directamente a la implementaci\u00f3n del proyecto de Educaci\u00f3n Inclusiva en otra escuela p\u00fablica y para nuestros otros proyectos.<\/p>     \n<\/div>\n\n        <\/div>\n<\/div>\n\t\t\t<!-- end Icon Tabs -->\t\t<\/div>\n\t\t\t\t<\/div>\n\t\t\t\t<div class=\"elementor-element elementor-element-da66fe8 elementor-align-center elementor-widget elementor-widget-button\" data-id=\"da66fe8\" data-element_type=\"widget\" data-widget_type=\"button.default\">\n\t\t\t\t<div class=\"elementor-widget-container\">\n\t\t\t\t\t<div class=\"elementor-button-wrapper\">\n\t\t\t<a class=\"elementor-button elementor-button-link elementor-size-sm\" href=\"https:\/\/grupotj.org\/es\/?page_id=266\" target=\"_blank\">\n\t\t\t\t\t\t<span class=\"elementor-button-content-wrapper\">\n\t\t\t\t\t\t<span class=\"elementor-button-text\">Fale conosco para saber m\u00e1s<\/span>\n\t\t<\/span>\n\t\t\t\t\t<\/a>\n\t\t<\/div>\n\t\t\t\t<\/div>\n\t\t\t\t<\/div>\n\t\t\t\t\t<\/div>\n\t\t<\/div>\n\t\t\t\t\t\t\t<\/div>\n\t\t<\/section>\n\t\t\t\t\t<\/div>\n\t\t<\/div>\n\t\t\t\t\t\t\t<\/div>\n\t\t<\/section>\n\t\t\t\t\t\t\t<\/div>\n\t\t","protected":false},"excerpt":{"rendered":"<p>DONAR \u00bfC\u00d3MO PUEDES AYUDAR? Donante Voluntariado Embajadores Subasta DONACI\u00d3N EN EFECTIVO A TRAV\u00c9S DE DEP\u00d3SITO O BOLETO BANCARIO. DONACIONES \u00daNICAS O MENSUALES PARA CONVERTIRTE EN UN APOYADOR RECURRENTE Informaci\u00f3n de la Turma do Jil\u00f3: Dep\u00f3sito \/ Tarjeta de Cr\u00e9dito \/ Paypal &#8220;Asociaci\u00f3n Turma do Jil\u00f3 &#8220;Banco Ita\u00fa (341)&#8221; Agencia 0758 C\/c 08655-7 CNPJ 22.853.953\/0001-35 Para &hellip;<\/p>\n<p class=\"read-more\"> <a class=\"\" href=\"https:\/\/grupotj.org\/es\/?page_id=257\"> <span class=\"screen-reader-text\">Donar<\/span> Leia mais &raquo;<\/a><\/p>\n","protected":false},"author":1,"featured_media":0,"parent":0,"menu_order":0,"comment_status":"closed","ping_status":"closed","template":"","meta":{"site-sidebar-layout":"no-sidebar","site-content-layout":"page-builder","ast-global-header-display":"","ast-banner-title-visibility":"","ast-main-header-display":"","ast-hfb-above-header-display":"","ast-hfb-below-header-display":"","ast-hfb-mobile-header-display":"","site-post-title":"disabled","ast-breadcrumbs-content":"","ast-featured-img":"disabled","footer-sml-layout":"","theme-transparent-header-meta":"","adv-header-id-meta":"","stick-header-meta":"","header-above-stick-meta":"","header-main-stick-meta":"","header-below-stick-meta":"","footnotes":""},"class_list":["post-257","page","type-page","status-publish","hentry"],"_links":{"self":[{"href":"https:\/\/grupotj.org\/es\/index.php?rest_route=\/wp\/v2\/pages\/257","targetHints":{"allow":["GET"]}}],"collection":[{"href":"https:\/\/grupotj.org\/es\/index.php?rest_route=\/wp\/v2\/pages"}],"about":[{"href":"https:\/\/grupotj.org\/es\/index.php?rest_route=\/wp\/v2\/types\/page"}],"author":[{"embeddable":true,"href":"https:\/\/grupotj.org\/es\/index.php?rest_route=\/wp\/v2\/users\/1"}],"replies":[{"embeddable":true,"href":"https:\/\/grupotj.org\/es\/index.php?rest_route=%2Fwp%2Fv2%2Fcomments&post=257"}],"version-history":[{"count":34,"href":"https:\/\/grupotj.org\/es\/index.php?rest_route=\/wp\/v2\/pages\/257\/revisions"}],"predecessor-version":[{"id":1277,"href":"https:\/\/grupotj.org\/es\/index.php?rest_route=\/wp\/v2\/pages\/257\/revisions\/1277"}],"wp:attachment":[{"href":"https:\/\/grupotj.org\/es\/index.php?rest_route=%2Fwp%2Fv2%2Fmedia&parent=257"}],"curies":[{"name":"wp","href":"https:\/\/api.w.org\/{rel}","templated":true}]}}