{"id":3,"date":"2023-07-18T01:32:21","date_gmt":"2023-07-18T01:32:21","guid":{"rendered":"https:\/\/grupotj.wpengine.com\/?page_id=3"},"modified":"2024-03-22T21:26:56","modified_gmt":"2024-03-23T00:26:56","slug":"politica-de-privacidad","status":"publish","type":"page","link":"https:\/\/grupotj.org\/es\/?page_id=3","title":{"rendered":"Pol\u00edtica de privacidad"},"content":{"rendered":"\n<p>Sua privacidade es importante para nosotros. La pol\u00edtica del GrupoTJ respeta su privacidad en relaci\u00f3n con cualquier informaci\u00f3n que podamos recopilar en el sitio\u00a0GrupoTJ, y otros sitios que possu\u00edmos y operamos.<\/p>\n\n\n\n<p>Solicitamos informaci\u00f3n a las personas s\u00f3lo cuando realmente necesitamos para obtener un servicio. Fazemo-lo por meios justos e legais, com o seu conhecimento e consentimento. Tamb\u00e9m informamos por que estamos coletando y como ser\u00e1 usado.<\/p>\n\n\n\n<p>Apenas retemos as informations coletadas pelo tempo necesario para fornecer o servi\u00e7o solicitado. Quando armazenamos dados, protegemos dentro de meios comercialmente aceit\u00e1veis \u200b\u200bpara evitar perdas e roubos, bem como acesso, divulga\u00e7\u00e3o, c\u00f3pia, use ou modifica\u00e7\u00e3o n\u00e3o autorizados.<\/p>\n\n\n\n<p>No compartimos informaci\u00f3n de identificaci\u00f3n personal p\u00fablicamente o con terceros, excepto cuando exigido por lei.<\/p>\n\n\n\n<p>Nuestro sitio puede tener enlaces a sitios externos que no son operados por nosotros. Esteja consciente de que no tenemos control sobre el contenido y las pr\u00e1cticas de estos sitios y no podemos asumir responsabilidad por sus respectivas pol\u00edticas de privacidad.<\/p>\n\n\n\n<p>Voc\u00ea \u00e9 livre para recusar a nossa solicita\u00e7\u00e3o de informa\u00e7\u00f5es pessoais, entendiendo que talvez n\u00e3o possamos fornecer alguns dos servi\u00e7os desejados.<\/p>\n\n\n\n<p>El uso continuado de nuestro sitio se considerar\u00e1 como aceptaci\u00f3n de nuestras pr\u00e1cticas en torno a la privacidad y la informaci\u00f3n de las personas. Se voc\u00ea tiver algo duvida sobre como lidamos com datos do usu\u00e1rio e informa\u00e7\u00f5es pessoais, entre em contacto conosco.<\/p>\n\n\n\n<h3 class=\"wp-block-heading\">Pol\u00edtica de Cookies<\/h3>\n\n\n\n<p><strong>\u00bfQu\u00e9 son las galletas?<\/strong><\/p>\n\n\n\n<p>Como es pr\u00e1ctica com\u00fan en casi todos los sitios profesionales, este sitio usa cookies, que son peque\u00f1os archivos baixados en su computadora, para mejorar su experiencia. Esta p\u00e1gina descreve quais informa\u00e7\u00f5es eles coletam, como as us e por que \u00e0s veces necesitamos armazenar ess cookies. Tambi\u00e9n compartiremos como usted puede impedir que estas cookies est\u00e9n armadas, sin embargo, esto podr\u00eda hacer que se degrade o \u201cquebrar\u201d ciertos elementos de la funcionalidad del sitio.<\/p>\n\n\n\n<p><strong>\u00bfC\u00f3mo usamos las galletas?<\/strong><\/p>\n\n\n\n<p>Utilizamos cookies por varios motivos, detallados a continuaci\u00f3n. Infelizmente, en la mayor\u00eda de los casos, no existen opciones en el panel del sistema para desactivar las cookies sin desactivar completamente la funcionalidad y los recursos que se agregan a este sitio. Es recomendable que deixes todas las cookies si no tienes certeza de que sean precisas o no, en caso de que sean usadas para preparar un servicio que te guste.<\/p>\n\n\n\n<p><strong>Cookie desativadoras<\/strong><\/p>\n\n\n\n<p>Puedes impedir la configuraci\u00f3n de cookies ajustando las configuraciones de tu navegador (consulta con una ayuda del navegador para saber c\u00f3mo hacerlo). Esteja ciente de que la desactivaci\u00f3n de cookies afectar\u00e1 a la funcionalidad de este y de muchos otros sitios que usted visita. La desactivaci\u00f3n de cookies generalmente resultar\u00e1 en la desactivaci\u00f3n de determinadas funcionalidades y recursos de este sitio. Por lo tanto, le recomendamos que no desactive las cookies.<\/p>\n\n\n\n<p><strong>Cookies que definimos<\/strong><\/p>\n\n\n\n<ul class=\"wp-block-list\">\n<li>Cookies relacionadas con formularios<br>Cuando env\u00ede datos por medio de un formulario como los encontrados en las p\u00e1ginas de contacto o los formularios de comentarios, las cookies pueden configurarse para recordar los detalles del uso para correspondencia futura.<\/li>\n<\/ul>\n\n\n\n<ul class=\"wp-block-list\">\n<li>Cookies de preferencia del sitio<br>Para proporcionar una experiencia \u00f3ptima en este sitio, necesitamos una funcionalidad para definir sus preferencias de como ese sitio es ejecutado cuando usted usa. Para lembrar sus preferencias, necesitamos definir cookies para que esa informaci\u00f3n pueda ser chamadas siempre que usted interact\u00fae con una p\u00e1gina para consultar por sus preferencias.<\/li>\n<\/ul>\n\n\n\n<p><\/p>\n\n\n\n<p><strong>Cookies de Terceiros<\/strong><\/p>\n\n\n\n<p>En algunos casos especiales, tambi\u00e9n usamos cookies fornecidos por terceiros confi\u00e1veis. A secci\u00f3n a seguir detallada quais cookies de terceiros voc\u00ea pode encontrar a trav\u00e9s de este sitio.<\/p>\n\n\n\n<ul class=\"wp-block-list\">\n<li>Este sitio usa Google Analytics, que es una de las soluciones de an\u00e1lisis m\u00e1s difundidas y confiables de la Web, para que nos ayuden a entender c\u00f3mo voc\u00ea usa el sitio y como podemos mejorar su experiencia. Estas cookies pueden rastrear elementos como cu\u00e1nto tiempo gastas en el sitio y en las p\u00e1ginas visitadas, para que podamos continuar produciendo contenido atractivo.<\/li>\n<\/ul>\n\n\n\n<p>Para m\u00e1s informaci\u00f3n sobre las cookies de Google Analytics, consulte la p\u00e1gina oficial de Google Analytics.<\/p>\n\n\n\n<ul class=\"wp-block-list\">\n<li>Como an\u00e1lisis de terceros usados para rastrear y medir el uso de este sitio, podemos continuar produciendo conversaciones atractivas. Estas cookies pueden rastrear elementos como el tiempo que pasas en un sitio o p\u00e1ginas visitadas, o que nos ayuda a entender como podemos mejorar el sitio para ti.<\/li>\n\n\n\n<li>Peri\u00f3dicamente, testamos nuevos recursos y hacemos alteraciones subtis na maneira como o sitio se presenta. Quando ainda estamos testando novos recursos, estas cookies pueden ser usadas para garantizar que usted reciba una experiencia consistente en cuanto estiver no sitio, enquanto entendemos quais otimiza\u00e7\u00f5es os nossos usu\u00e1rios mais apreciam.<\/li>\n\n\n\n<li>A medida que vendemos productos, es importante entender las estad\u00edsticas sobre cu\u00e1ntos visitantes de nuestro sitio realmente compran y, por lo tanto, es el tipo de datos que estas cookies rastrean. Esto es importante para usted, pois significa que podemos hacer predicciones de negocios con precisi\u00f3n que nos permite analizar nuestros clientes de publicidad y productos para garantizar el mejor precio posible.<\/li>\n<\/ul>\n\n\n\n<p><strong>Compromiso del usuario<\/strong><\/p>\n\n\n\n<p>El usuario se compromete a hacer un uso adecuado de los contenidos y de la informaci\u00f3n que el GrupoTJ ofrece en ning\u00fan sitio y con caracteres enunciativos, pero no limitativo:<\/p>\n\n\n\n<ul class=\"wp-block-list\">\n<li>A) N\u00e3o se envolver em atividades que sejam ilegalis ou contrarias \u00e0 boa f\u00e9 a \u00e0 ordem p\u00fablica;<\/li>\n\n\n\n<li>B) No difundir propaganda o denuncia de naturaleza racista, xenof\u00f3bica, juegos de azar o de azar, cualquier tipo de pornograf\u00eda ilegal, de apolog\u00eda del terrorismo o contra los derechos humanos;<\/li>\n\n\n\n<li>C) No causar da\u00f1os a los sistemas f\u00edsicos (hardwares) y l\u00f3gicos (softwares) de GrupoTJ, de sus fornecedores o terceros, para introducir o diseminar virus inform\u00e1ticos o quaisquer otros sistemas de hardware o software que sean capaces de causar los da\u00f1os mencionados anteriormente.<\/li>\n<\/ul>\n\n\n\n<p><strong>M\u00e1s informaci\u00f3n<\/strong><\/p>\n\n\n\n<p>Esperemos que esteja esclarecido e, como mencionado anteriormente, se houver algo que no tenga certeza de que sea necesario o no, generalmente es m\u00e1s seguro deixar os cookies activadas, caso interaja con um dos recursos que usted usa en nuestro sitio.<\/p>\n","protected":false},"excerpt":{"rendered":"<p>Sua privacidade es importante para nosotros. La pol\u00edtica del GrupoTJ respeta su privacidad en relaci\u00f3n con cualquier informaci\u00f3n que podamos recopilar en el sitio\u00a0GrupoTJ, y otros sitios que possu\u00edmos y operamos. Solicitamos informaci\u00f3n a las personas s\u00f3lo cuando realmente necesitamos para obtener un servicio. Fazemo-lo por meios justos e legais, com o seu conhecimento e &hellip;<\/p>\n<p class=\"read-more\"> <a class=\"\" href=\"https:\/\/grupotj.org\/es\/?page_id=3\"> <span class=\"screen-reader-text\">Pol\u00edtica de privacidad<\/span> Leia mais &raquo;<\/a><\/p>\n","protected":false},"author":1,"featured_media":0,"parent":0,"menu_order":0,"comment_status":"closed","ping_status":"closed","template":"","meta":{"site-sidebar-layout":"default","site-content-layout":"default","ast-global-header-display":"","ast-banner-title-visibility":"","ast-main-header-display":"","ast-hfb-above-header-display":"","ast-hfb-below-header-display":"","ast-hfb-mobile-header-display":"","site-post-title":"","ast-breadcrumbs-content":"","ast-featured-img":"","footer-sml-layout":"","theme-transparent-header-meta":"","adv-header-id-meta":"","stick-header-meta":"","header-above-stick-meta":"","header-main-stick-meta":"","header-below-stick-meta":"","footnotes":""},"class_list":["post-3","page","type-page","status-publish","hentry"],"_links":{"self":[{"href":"https:\/\/grupotj.org\/es\/index.php?rest_route=\/wp\/v2\/pages\/3","targetHints":{"allow":["GET"]}}],"collection":[{"href":"https:\/\/grupotj.org\/es\/index.php?rest_route=\/wp\/v2\/pages"}],"about":[{"href":"https:\/\/grupotj.org\/es\/index.php?rest_route=\/wp\/v2\/types\/page"}],"author":[{"embeddable":true,"href":"https:\/\/grupotj.org\/es\/index.php?rest_route=\/wp\/v2\/users\/1"}],"replies":[{"embeddable":true,"href":"https:\/\/grupotj.org\/es\/index.php?rest_route=%2Fwp%2Fv2%2Fcomments&post=3"}],"version-history":[{"count":3,"href":"https:\/\/grupotj.org\/es\/index.php?rest_route=\/wp\/v2\/pages\/3\/revisions"}],"predecessor-version":[{"id":1181,"href":"https:\/\/grupotj.org\/es\/index.php?rest_route=\/wp\/v2\/pages\/3\/revisions\/1181"}],"wp:attachment":[{"href":"https:\/\/grupotj.org\/es\/index.php?rest_route=%2Fwp%2Fv2%2Fmedia&parent=3"}],"curies":[{"name":"wp","href":"https:\/\/api.w.org\/{rel}","templated":true}]}}